{"id":1174,"date":"2025-05-23T09:44:07","date_gmt":"2025-05-23T07:44:07","guid":{"rendered":"https:\/\/canmiquelocasarural.com\/?page_id=1174"},"modified":"2025-10-02T11:01:24","modified_gmt":"2025-10-02T09:01:24","slug":"reserva","status":"publish","type":"page","link":"https:\/\/canmiquelocasarural.com\/es\/reserva\/","title":{"rendered":"Reservar"},"content":{"rendered":"\t\t<div data-elementor-type=\"wp-page\" data-elementor-id=\"1174\" class=\"elementor elementor-1174\" data-elementor-post-type=\"page\">\n\t\t\t\t<div class=\"elementor-element elementor-element-a7f8e25 e-flex e-con-boxed e-con e-parent\" data-id=\"a7f8e25\" data-element_type=\"container\" data-e-type=\"container\">\n\t\t\t\t\t<div class=\"e-con-inner\">\n\t\t\t\t<div class=\"elementor-element elementor-element-9e9cf1c elementor-widget elementor-widget-theme-site-logo elementor-widget-image\" data-id=\"9e9cf1c\" data-element_type=\"widget\" data-e-type=\"widget\" data-widget_type=\"theme-site-logo.default\">\n\t\t\t\t\t\t\t\t\t\t\t<a href=\"https:\/\/canmiquelocasarural.com\/es\">\n\t\t\t<img fetchpriority=\"high\" decoding=\"async\" width=\"294\" height=\"230\" src=\"https:\/\/canmiquelocasarural.com\/es\/wp-content\/uploads\/sites\/2\/logo_can-miquelo-def-e1758013596468.webp\" class=\"attachment-full size-full wp-image-2299\" alt=\"logo can miquelo def\" \/>\t\t\t\t<\/a>\n\t\t\t\t\t\t\t\t\t\t\t<\/div>\n\t\t\t\t<div class=\"elementor-element elementor-element-c0f4fd0 elementor-widget elementor-widget-text-editor\" data-id=\"c0f4fd0\" data-element_type=\"widget\" data-e-type=\"widget\" data-widget_type=\"text-editor.default\">\n\t\t\t\t\t\t\t\t\t<p>Si est\u00e1s viendo esta p\u00e1gina, no has accedido correctamente a nuestra central de reservas. Por favor, vuelve a la web, e int\u00e9ntalo de nuevo<\/p>\t\t\t\t\t\t\t\t<\/div>\n\t\t\t\t<div class=\"elementor-element elementor-element-b9d3338 elementor-widget elementor-widget-button\" data-id=\"b9d3338\" data-element_type=\"widget\" data-e-type=\"widget\" data-widget_type=\"button.default\">\n\t\t\t\t\t\t\t\t\t\t<a class=\"elementor-button elementor-button-link elementor-size-sm\" href=\"https:\/\/canmiquelocasarural.com\/es\">\n\t\t\t\t\t\t<span class=\"elementor-button-content-wrapper\">\n\t\t\t\t\t\t\t\t\t<span class=\"elementor-button-text\">Ir a la web<\/span>\n\t\t\t\t\t<\/span>\n\t\t\t\t\t<\/a>\n\t\t\t\t\t\t\t\t<\/div>\n\t\t\t\t\t<\/div>\n\t\t\t\t<\/div>\n\t\t\t\t<\/div>\n\t\t","protected":false},"excerpt":{"rendered":"<p>Si est\u00e1s viendo esta p\u00e1gina, no has accedido correctamente a nuestra central de reservas. Por favor, vuelve a la web, e int\u00e9ntalo de nuevo Ir a la web<\/p>\n","protected":false},"author":1,"featured_media":0,"parent":0,"menu_order":0,"comment_status":"closed","ping_status":"closed","template":"elementor_canvas","meta":{"inline_featured_image":false,"footnotes":""},"class_list":["post-1174","page","type-page","status-publish","hentry"],"yoast_head":"<!-- This site is optimized with the Yoast SEO plugin v27.5 - https:\/\/yoast.com\/product\/yoast-seo-wordpress\/ -->\n<title>Reservar - Casa Rural Camiquelo<\/title>\n<meta name=\"description\" content=\"Reserva en nuestra web oficial y obt\u00e9n el mejor precio online, trado directo y descuentos especiales. Reserva la casa entera\" \/>\n<meta name=\"robots\" content=\"index, follow, max-snippet:-1, max-image-preview:large, max-video-preview:-1\" \/>\n<link rel=\"canonical\" href=\"https:\/\/canmiquelocasarural.com\/es\/reserva\/\" \/>\n<meta property=\"og:locale\" content=\"es_ES\" \/>\n<meta property=\"og:type\" content=\"article\" \/>\n<meta property=\"og:title\" content=\"Reservar - Casa Rural Camiquelo\" \/>\n<meta property=\"og:description\" content=\"Reserva en nuestra web oficial y obt\u00e9n el mejor precio online, trado directo y descuentos especiales. Reserva la casa entera\" \/>\n<meta property=\"og:url\" content=\"https:\/\/canmiquelocasarural.com\/es\/reserva\/\" \/>\n<meta property=\"og:site_name\" content=\"Casa Rural Camiquelo\" \/>\n<meta property=\"article:modified_time\" content=\"2025-10-02T09:01:24+00:00\" \/>\n<meta name=\"twitter:card\" content=\"summary_large_image\" \/>\n<meta name=\"twitter:label1\" content=\"Tiempo de lectura\" \/>\n\t<meta name=\"twitter:data1\" content=\"1 minuto\" \/>\n<script type=\"application\/ld+json\" class=\"yoast-schema-graph\">{\"@context\":\"https:\\\/\\\/schema.org\",\"@graph\":[{\"@type\":\"WebPage\",\"@id\":\"https:\\\/\\\/canmiquelocasarural.com\\\/es\\\/reserva\\\/\",\"url\":\"https:\\\/\\\/canmiquelocasarural.com\\\/es\\\/reserva\\\/\",\"name\":\"Reservar - Casa Rural Camiquelo\",\"isPartOf\":{\"@id\":\"https:\\\/\\\/canmiquelocasarural.com\\\/es\\\/#website\"},\"datePublished\":\"2025-05-23T07:44:07+00:00\",\"dateModified\":\"2025-10-02T09:01:24+00:00\",\"description\":\"Reserva en nuestra web oficial y obt\u00e9n el mejor precio online, trado directo y descuentos especiales. Reserva la casa entera\",\"breadcrumb\":{\"@id\":\"https:\\\/\\\/canmiquelocasarural.com\\\/es\\\/reserva\\\/#breadcrumb\"},\"inLanguage\":\"es\",\"potentialAction\":[{\"@type\":\"ReadAction\",\"target\":[\"https:\\\/\\\/canmiquelocasarural.com\\\/es\\\/reserva\\\/\"]}]},{\"@type\":\"BreadcrumbList\",\"@id\":\"https:\\\/\\\/canmiquelocasarural.com\\\/es\\\/reserva\\\/#breadcrumb\",\"itemListElement\":[{\"@type\":\"ListItem\",\"position\":1,\"name\":\"Portada\",\"item\":\"https:\\\/\\\/canmiquelocasarural.com\\\/es\\\/\"},{\"@type\":\"ListItem\",\"position\":2,\"name\":\"Reservar\"}]},{\"@type\":\"WebSite\",\"@id\":\"https:\\\/\\\/canmiquelocasarural.com\\\/es\\\/#website\",\"url\":\"https:\\\/\\\/canmiquelocasarural.com\\\/es\\\/\",\"name\":\"Casa Rural Camiquelo\",\"description\":\"Casa Rural en Parc Natural dels Ports\",\"publisher\":{\"@id\":\"https:\\\/\\\/canmiquelocasarural.com\\\/es\\\/#organization\"},\"potentialAction\":[{\"@type\":\"SearchAction\",\"target\":{\"@type\":\"EntryPoint\",\"urlTemplate\":\"https:\\\/\\\/canmiquelocasarural.com\\\/es\\\/?s={search_term_string}\"},\"query-input\":{\"@type\":\"PropertyValueSpecification\",\"valueRequired\":true,\"valueName\":\"search_term_string\"}}],\"inLanguage\":\"es\"},{\"@type\":\"Organization\",\"@id\":\"https:\\\/\\\/canmiquelocasarural.com\\\/es\\\/#organization\",\"name\":\"Casa Rural Camiquelo\",\"url\":\"https:\\\/\\\/canmiquelocasarural.com\\\/es\\\/\",\"logo\":{\"@type\":\"ImageObject\",\"inLanguage\":\"es\",\"@id\":\"https:\\\/\\\/canmiquelocasarural.com\\\/es\\\/#\\\/schema\\\/logo\\\/image\\\/\",\"url\":\"https:\\\/\\\/canmiquelocasarural.com\\\/es\\\/wp-content\\\/uploads\\\/sites\\\/2\\\/logo_can-miquelo-def-e1758013596468.webp\",\"contentUrl\":\"https:\\\/\\\/canmiquelocasarural.com\\\/es\\\/wp-content\\\/uploads\\\/sites\\\/2\\\/logo_can-miquelo-def-e1758013596468.webp\",\"width\":294,\"height\":230,\"caption\":\"Casa Rural Camiquelo\"},\"image\":{\"@id\":\"https:\\\/\\\/canmiquelocasarural.com\\\/es\\\/#\\\/schema\\\/logo\\\/image\\\/\"}}]}<\/script>\n<!-- \/ Yoast SEO plugin. -->","yoast_head_json":{"title":"Reservar - Casa Rural Camiquelo","description":"Reserva en nuestra web oficial y obt\u00e9n el mejor precio online, trado directo y descuentos especiales. Reserva la casa entera","robots":{"index":"index","follow":"follow","max-snippet":"max-snippet:-1","max-image-preview":"max-image-preview:large","max-video-preview":"max-video-preview:-1"},"canonical":"https:\/\/canmiquelocasarural.com\/es\/reserva\/","og_locale":"es_ES","og_type":"article","og_title":"Reservar - Casa Rural Camiquelo","og_description":"Reserva en nuestra web oficial y obt\u00e9n el mejor precio online, trado directo y descuentos especiales. Reserva la casa entera","og_url":"https:\/\/canmiquelocasarural.com\/es\/reserva\/","og_site_name":"Casa Rural Camiquelo","article_modified_time":"2025-10-02T09:01:24+00:00","twitter_card":"summary_large_image","twitter_misc":{"Tiempo de lectura":"1 minuto"},"schema":{"@context":"https:\/\/schema.org","@graph":[{"@type":"WebPage","@id":"https:\/\/canmiquelocasarural.com\/es\/reserva\/","url":"https:\/\/canmiquelocasarural.com\/es\/reserva\/","name":"Reservar - Casa Rural Camiquelo","isPartOf":{"@id":"https:\/\/canmiquelocasarural.com\/es\/#website"},"datePublished":"2025-05-23T07:44:07+00:00","dateModified":"2025-10-02T09:01:24+00:00","description":"Reserva en nuestra web oficial y obt\u00e9n el mejor precio online, trado directo y descuentos especiales. Reserva la casa entera","breadcrumb":{"@id":"https:\/\/canmiquelocasarural.com\/es\/reserva\/#breadcrumb"},"inLanguage":"es","potentialAction":[{"@type":"ReadAction","target":["https:\/\/canmiquelocasarural.com\/es\/reserva\/"]}]},{"@type":"BreadcrumbList","@id":"https:\/\/canmiquelocasarural.com\/es\/reserva\/#breadcrumb","itemListElement":[{"@type":"ListItem","position":1,"name":"Portada","item":"https:\/\/canmiquelocasarural.com\/es\/"},{"@type":"ListItem","position":2,"name":"Reservar"}]},{"@type":"WebSite","@id":"https:\/\/canmiquelocasarural.com\/es\/#website","url":"https:\/\/canmiquelocasarural.com\/es\/","name":"Casa Rural Camiquelo","description":"Casa Rural en Parc Natural dels Ports","publisher":{"@id":"https:\/\/canmiquelocasarural.com\/es\/#organization"},"potentialAction":[{"@type":"SearchAction","target":{"@type":"EntryPoint","urlTemplate":"https:\/\/canmiquelocasarural.com\/es\/?s={search_term_string}"},"query-input":{"@type":"PropertyValueSpecification","valueRequired":true,"valueName":"search_term_string"}}],"inLanguage":"es"},{"@type":"Organization","@id":"https:\/\/canmiquelocasarural.com\/es\/#organization","name":"Casa Rural Camiquelo","url":"https:\/\/canmiquelocasarural.com\/es\/","logo":{"@type":"ImageObject","inLanguage":"es","@id":"https:\/\/canmiquelocasarural.com\/es\/#\/schema\/logo\/image\/","url":"https:\/\/canmiquelocasarural.com\/es\/wp-content\/uploads\/sites\/2\/logo_can-miquelo-def-e1758013596468.webp","contentUrl":"https:\/\/canmiquelocasarural.com\/es\/wp-content\/uploads\/sites\/2\/logo_can-miquelo-def-e1758013596468.webp","width":294,"height":230,"caption":"Casa Rural Camiquelo"},"image":{"@id":"https:\/\/canmiquelocasarural.com\/es\/#\/schema\/logo\/image\/"}}]}},"_links":{"self":[{"href":"https:\/\/canmiquelocasarural.com\/es\/wp-json\/wp\/v2\/pages\/1174","targetHints":{"allow":["GET"]}}],"collection":[{"href":"https:\/\/canmiquelocasarural.com\/es\/wp-json\/wp\/v2\/pages"}],"about":[{"href":"https:\/\/canmiquelocasarural.com\/es\/wp-json\/wp\/v2\/types\/page"}],"author":[{"embeddable":true,"href":"https:\/\/canmiquelocasarural.com\/es\/wp-json\/wp\/v2\/users\/1"}],"replies":[{"embeddable":true,"href":"https:\/\/canmiquelocasarural.com\/es\/wp-json\/wp\/v2\/comments?post=1174"}],"version-history":[{"count":1,"href":"https:\/\/canmiquelocasarural.com\/es\/wp-json\/wp\/v2\/pages\/1174\/revisions"}],"predecessor-version":[{"id":2808,"href":"https:\/\/canmiquelocasarural.com\/es\/wp-json\/wp\/v2\/pages\/1174\/revisions\/2808"}],"wp:attachment":[{"href":"https:\/\/canmiquelocasarural.com\/es\/wp-json\/wp\/v2\/media?parent=1174"}],"curies":[{"name":"wp","href":"https:\/\/api.w.org\/{rel}","templated":true}]}}